{"id":8,"date":"2020-11-19T11:05:35","date_gmt":"2020-11-19T10:05:35","guid":{"rendered":"http:\/\/nathaliepetitsculpteur.com\/?page_id=8"},"modified":"2020-11-19T11:17:20","modified_gmt":"2020-11-19T10:17:20","slug":"portrait","status":"publish","type":"page","link":"https:\/\/nathaliepetitsculpteur.com\/index.php\/portrait\/","title":{"rendered":"PORTRAIT"},"content":{"rendered":"\n<p><strong>NATHALIE PETIT<\/strong>, n\u00e9e en 1969, Artiste plasticienne, form\u00e9e \u00e0 L\u2019\u00e9cole Nationale des Arts Appliqu\u00e9s en architecture int\u00e9rieure, d\u00e9couvre comme une \u00e9vidence la Sculpture en 1999.<\/p>\n\n\n\n<p>Elle poursuit \u00e0 la fois un travail de cr\u00e9ation artistique et de recherche int\u00e9rieure. Deux voies qui d\u00e8s lors n&rsquo;en seront plus qu\u2019une.<\/p>\n\n\n\n<p>Son mat\u00e9riau est l\u2019argile chamott\u00e9e qu\u2019elle sculpte dans la masse, \u2026Mati\u00e8re dense, brute, granuleuse, vibrante et mall\u00e9able, m\u00e9taphore \u00e0 elle seule des sanctuaires fragiles et terreux que nous sommes, mais aussi pr\u00e9sences charnelles, vivantes de la lumi\u00e8re qui nous fonde\u2026<\/p>\n\n\n\n<p>D\u00e8s lors, elle entre dans une danse avec le Vivant.<\/p>\n\n\n\n<p>A travers ses corps en mouvement, l\u2019artiste privil\u00e9gie l\u2019expression d\u2019un v\u00e9cu \u00e9motionnel \u00e0 celle de la beaut\u00e9 classique.<\/p>\n\n\n\n<p>Elle questionne l\u2019essence de l\u2019homme, vecteur tendu \u00ab&nbsp;comme il peut&nbsp;\u00bb entre Ciel et Terre et exprime pleinement cette Vie qui la traverse, qu\u2019elle que soit sa tonalit\u00e9 entre ombre et lumi\u00e8re.. Ses cr\u00e9ations sont l\u2019expression de la condition humaine dans toute sa puissance et dans toute sa vuln\u00e9rabilit\u00e9.<\/p>\n\n\n\n<p>Ses personnages souvent \u00e0 la limite du d\u00e9s\u00e9quilibre expriment&nbsp;par le mouvement qui les animent et les disproportions, la vie int\u00e9rieure qui contre toute attente se fraye un passage.<\/p>\n\n\n\n<p>Elle s\u2019accorde \u00e0 la pulsation de l\u2019\u00e9motion, se laisse inspirer par l\u2019Etre. Elle s\u2019efface guid\u00e9e par le chant de sa sensibilit\u00e9.<\/p>\n\n\n\n<p>Ses magnifiques pr\u00e9sences puissantes, sensuelles, vibrantes de lumi\u00e8re sont des territoires tendres, vuln\u00e9rables et \u00e9mouvants.<\/p>\n","protected":false},"excerpt":{"rendered":"<p>NATHALIE PETIT, n\u00e9e en 1969, Artiste plasticienne, form\u00e9e \u00e0 L\u2019\u00e9cole Nationale des Arts Appliqu\u00e9s en architecture int\u00e9rieure, d\u00e9couvre comme une \u00e9vidence la Sculpture en 1999. Elle poursuit \u00e0 la fois un travail de cr\u00e9ation artistique et de recherche int\u00e9rieure. Deux voies qui d\u00e8s lors n&rsquo;en seront plus qu\u2019une. Son mat\u00e9riau est l\u2019argile chamott\u00e9e qu\u2019elle sculpte [&hellip;]<\/p>\n","protected":false},"author":1,"featured_media":0,"parent":0,"menu_order":0,"comment_status":"closed","ping_status":"closed","template":"","meta":{"spay_email":""},"_links":{"self":[{"href":"https:\/\/nathaliepetitsculpteur.com\/index.php\/wp-json\/wp\/v2\/pages\/8"}],"collection":[{"href":"https:\/\/nathaliepetitsculpteur.com\/index.php\/wp-json\/wp\/v2\/pages"}],"about":[{"href":"https:\/\/nathaliepetitsculpteur.com\/index.php\/wp-json\/wp\/v2\/types\/page"}],"author":[{"embeddable":true,"href":"https:\/\/nathaliepetitsculpteur.com\/index.php\/wp-json\/wp\/v2\/users\/1"}],"replies":[{"embeddable":true,"href":"https:\/\/nathaliepetitsculpteur.com\/index.php\/wp-json\/wp\/v2\/comments?post=8"}],"version-history":[{"count":2,"href":"https:\/\/nathaliepetitsculpteur.com\/index.php\/wp-json\/wp\/v2\/pages\/8\/revisions"}],"predecessor-version":[{"id":11,"href":"https:\/\/nathaliepetitsculpteur.com\/index.php\/wp-json\/wp\/v2\/pages\/8\/revisions\/11"}],"wp:attachment":[{"href":"https:\/\/nathaliepetitsculpteur.com\/index.php\/wp-json\/wp\/v2\/media?parent=8"}],"curies":[{"name":"wp","href":"https:\/\/api.w.org\/{rel}","templated":true}]}}