{"id":15,"date":"2020-11-19T23:46:22","date_gmt":"2020-11-19T22:46:22","guid":{"rendered":"http:\/\/nathaliepetitsculpteur.com\/?page_id=15"},"modified":"2020-11-19T23:52:33","modified_gmt":"2020-11-19T22:52:33","slug":"oeuvres","status":"publish","type":"page","link":"https:\/\/nathaliepetitsculpteur.com\/index.php\/oeuvres\/","title":{"rendered":"CREATIONS"},"content":{"rendered":"\n<p>Ici seront pr\u00e9sent\u00e9es mes diff\u00e9rentes r\u00e9alisations<\/p>\n","protected":false},"excerpt":{"rendered":"<p>Ici seront pr\u00e9sent\u00e9es mes diff\u00e9rentes r\u00e9alisations<\/p>\n","protected":false},"author":1,"featured_media":0,"parent":0,"menu_order":0,"comment_status":"closed","ping_status":"closed","template":"","meta":{"spay_email":""},"_links":{"self":[{"href":"https:\/\/nathaliepetitsculpteur.com\/index.php\/wp-json\/wp\/v2\/pages\/15"}],"collection":[{"href":"https:\/\/nathaliepetitsculpteur.com\/index.php\/wp-json\/wp\/v2\/pages"}],"about":[{"href":"https:\/\/nathaliepetitsculpteur.com\/index.php\/wp-json\/wp\/v2\/types\/page"}],"author":[{"embeddable":true,"href":"https:\/\/nathaliepetitsculpteur.com\/index.php\/wp-json\/wp\/v2\/users\/1"}],"replies":[{"embeddable":true,"href":"https:\/\/nathaliepetitsculpteur.com\/index.php\/wp-json\/wp\/v2\/comments?post=15"}],"version-history":[{"count":3,"href":"https:\/\/nathaliepetitsculpteur.com\/index.php\/wp-json\/wp\/v2\/pages\/15\/revisions"}],"predecessor-version":[{"id":20,"href":"https:\/\/nathaliepetitsculpteur.com\/index.php\/wp-json\/wp\/v2\/pages\/15\/revisions\/20"}],"wp:attachment":[{"href":"https:\/\/nathaliepetitsculpteur.com\/index.php\/wp-json\/wp\/v2\/media?parent=15"}],"curies":[{"name":"wp","href":"https:\/\/api.w.org\/{rel}","templated":true}]}}